{"id":6,"date":"2023-01-12T13:19:03","date_gmt":"2023-01-12T21:19:03","guid":{"rendered":"https:\/\/servicos.franklynpinho.com.br\/sonia\/?page_id=6"},"modified":"2023-05-01T18:35:02","modified_gmt":"2023-05-02T02:35:02","slug":"home","status":"publish","type":"page","link":"https:\/\/servicos.franklynpinho.com.br\/sonia\/","title":{"rendered":"Home"},"content":{"rendered":"\t\t<div data-elementor-type=\"wp-page\" data-elementor-id=\"6\" class=\"elementor elementor-6\" data-elementor-post-type=\"page\">\n\t\t\t\t\t\t<header class=\"elementor-section elementor-top-section elementor-element elementor-element-7ea432a elementor-section-full_width elementor-section-height-min-height elementor-section-height-default elementor-section-items-middle\" data-id=\"7ea432a\" data-element_type=\"section\" data-e-type=\"section\" data-settings=\"{&quot;background_background&quot;:&quot;classic&quot;}\">\n\t\t\t\t\t\t<div class=\"elementor-container elementor-column-gap-no\">\n\t\t\t\t\t<div class=\"elementor-column elementor-col-100 elementor-top-column elementor-element elementor-element-2a60105\" data-id=\"2a60105\" data-element_type=\"column\" data-e-type=\"column\">\n\t\t\t<div class=\"elementor-widget-wrap\">\n\t\t\t\t\t\t\t<\/div>\n\t\t<\/div>\n\t\t\t\t\t<\/div>\n\t\t<\/header>\n\t\t\t\t<section class=\"elementor-section elementor-top-section elementor-element elementor-element-7f63608 elementor-section-boxed elementor-section-height-default elementor-section-height-default\" data-id=\"7f63608\" data-element_type=\"section\" data-e-type=\"section\">\n\t\t\t\t\t\t<div class=\"elementor-container elementor-column-gap-default\">\n\t\t\t\t\t<div class=\"elementor-column elementor-col-100 elementor-top-column elementor-element elementor-element-7c8370f\" data-id=\"7c8370f\" data-element_type=\"column\" data-e-type=\"column\">\n\t\t\t<div class=\"elementor-widget-wrap elementor-element-populated\">\n\t\t\t\t\t\t<div class=\"elementor-element elementor-element-1d89143 elementor-widget elementor-widget-heading\" data-id=\"1d89143\" data-element_type=\"widget\" data-e-type=\"widget\" data-widget_type=\"heading.default\">\n\t\t\t\t<div class=\"elementor-widget-container\">\n\t\t\t\t\t<h2 class=\"elementor-heading-title elementor-size-default\">Qual o seu Objetivo?<\/h2>\t\t\t\t<\/div>\n\t\t\t\t<\/div>\n\t\t\t\t\t<\/div>\n\t\t<\/div>\n\t\t\t\t\t<\/div>\n\t\t<\/section>\n\t\t\t\t<section class=\"elementor-section elementor-top-section elementor-element elementor-element-3e6bb7d elementor-section-boxed elementor-section-height-default elementor-section-height-default\" data-id=\"3e6bb7d\" data-element_type=\"section\" data-e-type=\"section\">\n\t\t\t\t\t\t<div class=\"elementor-container elementor-column-gap-default\">\n\t\t\t\t\t<div class=\"elementor-column elementor-col-25 elementor-top-column elementor-element elementor-element-0e36d67\" data-id=\"0e36d67\" data-element_type=\"column\" data-e-type=\"column\">\n\t\t\t<div class=\"elementor-widget-wrap elementor-element-populated\">\n\t\t\t\t\t\t<div class=\"elementor-element elementor-element-91ca71b elementor-widget elementor-widget-image\" data-id=\"91ca71b\" data-element_type=\"widget\" data-e-type=\"widget\" data-widget_type=\"image.default\">\n\t\t\t\t<div class=\"elementor-widget-container\">\n\t\t\t\t\t\t\t\t\t\t\t\t\t\t\t<img fetchpriority=\"high\" decoding=\"async\" width=\"371\" height=\"240\" src=\"https:\/\/servicos.franklynpinho.com.br\/sonia\/wp-content\/uploads\/2023\/01\/01.jpg\" class=\"attachment-large size-large wp-image-58\" alt=\"\" srcset=\"https:\/\/servicos.franklynpinho.com.br\/sonia\/wp-content\/uploads\/2023\/01\/01.jpg 371w, https:\/\/servicos.franklynpinho.com.br\/sonia\/wp-content\/uploads\/2023\/01\/01-300x194.jpg 300w\" sizes=\"(max-width: 371px) 100vw, 371px\" \/>\t\t\t\t\t\t\t\t\t\t\t\t\t\t\t<\/div>\n\t\t\t\t<\/div>\n\t\t\t\t\t<\/div>\n\t\t<\/div>\n\t\t\t\t<div class=\"elementor-column elementor-col-25 elementor-top-column elementor-element elementor-element-20a6ee2\" data-id=\"20a6ee2\" data-element_type=\"column\" data-e-type=\"column\">\n\t\t\t<div class=\"elementor-widget-wrap elementor-element-populated\">\n\t\t\t\t\t\t<div class=\"elementor-element elementor-element-6960b26 elementor-widget elementor-widget-image\" data-id=\"6960b26\" data-element_type=\"widget\" data-e-type=\"widget\" data-widget_type=\"image.default\">\n\t\t\t\t<div class=\"elementor-widget-container\">\n\t\t\t\t\t\t\t\t\t\t\t\t\t\t\t<img decoding=\"async\" width=\"371\" height=\"240\" src=\"https:\/\/servicos.franklynpinho.com.br\/sonia\/wp-content\/uploads\/2023\/01\/02.jpg\" class=\"attachment-large size-large wp-image-59\" alt=\"\" srcset=\"https:\/\/servicos.franklynpinho.com.br\/sonia\/wp-content\/uploads\/2023\/01\/02.jpg 371w, https:\/\/servicos.franklynpinho.com.br\/sonia\/wp-content\/uploads\/2023\/01\/02-300x194.jpg 300w\" sizes=\"(max-width: 371px) 100vw, 371px\" \/>\t\t\t\t\t\t\t\t\t\t\t\t\t\t\t<\/div>\n\t\t\t\t<\/div>\n\t\t\t\t\t<\/div>\n\t\t<\/div>\n\t\t\t\t<div class=\"elementor-column elementor-col-25 elementor-top-column elementor-element elementor-element-76c4b0b\" data-id=\"76c4b0b\" data-element_type=\"column\" data-e-type=\"column\">\n\t\t\t<div class=\"elementor-widget-wrap elementor-element-populated\">\n\t\t\t\t\t\t<div class=\"elementor-element elementor-element-7e56fd5 elementor-widget elementor-widget-image\" data-id=\"7e56fd5\" data-element_type=\"widget\" data-e-type=\"widget\" data-widget_type=\"image.default\">\n\t\t\t\t<div class=\"elementor-widget-container\">\n\t\t\t\t\t\t\t\t\t\t\t\t\t\t\t<img decoding=\"async\" width=\"371\" height=\"240\" src=\"https:\/\/servicos.franklynpinho.com.br\/sonia\/wp-content\/uploads\/2023\/01\/03.jpg\" class=\"attachment-large size-large wp-image-60\" alt=\"\" srcset=\"https:\/\/servicos.franklynpinho.com.br\/sonia\/wp-content\/uploads\/2023\/01\/03.jpg 371w, https:\/\/servicos.franklynpinho.com.br\/sonia\/wp-content\/uploads\/2023\/01\/03-300x194.jpg 300w\" sizes=\"(max-width: 371px) 100vw, 371px\" \/>\t\t\t\t\t\t\t\t\t\t\t\t\t\t\t<\/div>\n\t\t\t\t<\/div>\n\t\t\t\t\t<\/div>\n\t\t<\/div>\n\t\t\t\t<div class=\"elementor-column elementor-col-25 elementor-top-column elementor-element elementor-element-39a7c4d\" data-id=\"39a7c4d\" data-element_type=\"column\" data-e-type=\"column\">\n\t\t\t<div class=\"elementor-widget-wrap elementor-element-populated\">\n\t\t\t\t\t\t<div class=\"elementor-element elementor-element-265c6e7 elementor-widget elementor-widget-image\" data-id=\"265c6e7\" data-element_type=\"widget\" data-e-type=\"widget\" data-widget_type=\"image.default\">\n\t\t\t\t<div class=\"elementor-widget-container\">\n\t\t\t\t\t\t\t\t\t\t\t\t\t\t\t<img loading=\"lazy\" decoding=\"async\" width=\"371\" height=\"240\" src=\"https:\/\/servicos.franklynpinho.com.br\/sonia\/wp-content\/uploads\/2023\/01\/04.jpg\" class=\"attachment-large size-large wp-image-61\" alt=\"\" srcset=\"https:\/\/servicos.franklynpinho.com.br\/sonia\/wp-content\/uploads\/2023\/01\/04.jpg 371w, https:\/\/servicos.franklynpinho.com.br\/sonia\/wp-content\/uploads\/2023\/01\/04-300x194.jpg 300w\" sizes=\"(max-width: 371px) 100vw, 371px\" \/>\t\t\t\t\t\t\t\t\t\t\t\t\t\t\t<\/div>\n\t\t\t\t<\/div>\n\t\t\t\t\t<\/div>\n\t\t<\/div>\n\t\t\t\t\t<\/div>\n\t\t<\/section>\n\t\t\t\t<section class=\"elementor-section elementor-top-section elementor-element elementor-element-5141906 elementor-section-boxed elementor-section-height-default elementor-section-height-default\" data-id=\"5141906\" data-element_type=\"section\" data-e-type=\"section\">\n\t\t\t\t\t\t<div class=\"elementor-container elementor-column-gap-default\">\n\t\t\t\t\t<div class=\"elementor-column elementor-col-100 elementor-top-column elementor-element elementor-element-de8b487\" data-id=\"de8b487\" data-element_type=\"column\" data-e-type=\"column\">\n\t\t\t<div class=\"elementor-widget-wrap elementor-element-populated\">\n\t\t\t\t\t\t<div class=\"elementor-element elementor-element-0eaa2b0 elementor-widget elementor-widget-heading\" data-id=\"0eaa2b0\" data-element_type=\"widget\" data-e-type=\"widget\" data-widget_type=\"heading.default\">\n\t\t\t\t<div class=\"elementor-widget-container\">\n\t\t\t\t\t<h2 class=\"elementor-heading-title elementor-size-default\">Conhe\u00e7a nossos tratamentos<\/h2>\t\t\t\t<\/div>\n\t\t\t\t<\/div>\n\t\t\t\t\t<\/div>\n\t\t<\/div>\n\t\t\t\t\t<\/div>\n\t\t<\/section>\n\t\t\t\t<section class=\"elementor-section elementor-top-section elementor-element elementor-element-ce68dba elementor-section-boxed elementor-section-height-default elementor-section-height-default\" data-id=\"ce68dba\" data-element_type=\"section\" data-e-type=\"section\">\n\t\t\t\t\t\t<div class=\"elementor-container elementor-column-gap-default\">\n\t\t\t\t\t<div class=\"elementor-column elementor-col-33 elementor-top-column elementor-element elementor-element-e026cdc\" data-id=\"e026cdc\" data-element_type=\"column\" data-e-type=\"column\">\n\t\t\t<div class=\"elementor-widget-wrap elementor-element-populated\">\n\t\t\t\t\t\t<div class=\"elementor-element elementor-element-10c2345 elementor-widget elementor-widget-image\" data-id=\"10c2345\" data-element_type=\"widget\" data-e-type=\"widget\" data-widget_type=\"image.default\">\n\t\t\t\t<div class=\"elementor-widget-container\">\n\t\t\t\t\t\t\t\t\t\t\t\t\t\t\t<img loading=\"lazy\" decoding=\"async\" width=\"150\" height=\"150\" src=\"https:\/\/servicos.franklynpinho.com.br\/sonia\/wp-content\/uploads\/2023\/01\/tratamento-facial-1-150x150.png\" class=\"attachment-thumbnail size-thumbnail wp-image-76\" alt=\"\" srcset=\"https:\/\/servicos.franklynpinho.com.br\/sonia\/wp-content\/uploads\/2023\/01\/tratamento-facial-1-150x150.png 150w, https:\/\/servicos.franklynpinho.com.br\/sonia\/wp-content\/uploads\/2023\/01\/tratamento-facial-1.png 256w\" sizes=\"(max-width: 150px) 100vw, 150px\" \/>\t\t\t\t\t\t\t\t\t\t\t\t\t\t\t<\/div>\n\t\t\t\t<\/div>\n\t\t\t\t<div class=\"elementor-element elementor-element-25bf76f elementor-widget elementor-widget-icon-box\" data-id=\"25bf76f\" data-element_type=\"widget\" data-e-type=\"widget\" data-widget_type=\"icon-box.default\">\n\t\t\t\t<div class=\"elementor-widget-container\">\n\t\t\t\t\t\t\t<div class=\"elementor-icon-box-wrapper\">\n\n\t\t\t\n\t\t\t\t\t\t<div class=\"elementor-icon-box-content\">\n\n\t\t\t\t\t\t\t\t\t<h3 class=\"elementor-icon-box-title\">\n\t\t\t\t\t\t<span  >\n\t\t\t\t\t\t\tTratamentos Faciais\t\t\t\t\t\t<\/span>\n\t\t\t\t\t<\/h3>\n\t\t\t\t\n\t\t\t\t\t\t\t\t\t<p class=\"elementor-icon-box-description\">\n\t\t\t\t\t\tA busca por tratamentos faciais tem crescido tanto entre homens quanto mulheres, n\u00e3o apenas pela beleza, mas tamb\u00e9m pela sa\u00fade da pele. Limpeza \u00e9 fundamental, mas fatores como estresse, fumo, sol e altera\u00e7\u00f5es hormonais podem prejudicar a renova\u00e7\u00e3o celular. A Sonia Vieira Esteticista oferece diversos tratamentos faciais para prevenir a acne, hidratar a pele e promover o rejuvenescimento.\t\t\t\t\t<\/p>\n\t\t\t\t\n\t\t\t<\/div>\n\t\t\t\n\t\t<\/div>\n\t\t\t\t\t\t<\/div>\n\t\t\t\t<\/div>\n\t\t\t\t\t<\/div>\n\t\t<\/div>\n\t\t\t\t<div class=\"elementor-column elementor-col-33 elementor-top-column elementor-element elementor-element-6815568\" data-id=\"6815568\" data-element_type=\"column\" data-e-type=\"column\">\n\t\t\t<div class=\"elementor-widget-wrap elementor-element-populated\">\n\t\t\t\t\t\t<div class=\"elementor-element elementor-element-84f8195 elementor-widget elementor-widget-image\" data-id=\"84f8195\" data-element_type=\"widget\" data-e-type=\"widget\" data-widget_type=\"image.default\">\n\t\t\t\t<div class=\"elementor-widget-container\">\n\t\t\t\t\t\t\t\t\t\t\t\t\t\t\t<img loading=\"lazy\" decoding=\"async\" width=\"150\" height=\"150\" src=\"https:\/\/servicos.franklynpinho.com.br\/sonia\/wp-content\/uploads\/2023\/01\/massagem-corporal-150x150.png\" class=\"attachment-thumbnail size-thumbnail wp-image-77\" alt=\"\" srcset=\"https:\/\/servicos.franklynpinho.com.br\/sonia\/wp-content\/uploads\/2023\/01\/massagem-corporal-150x150.png 150w, https:\/\/servicos.franklynpinho.com.br\/sonia\/wp-content\/uploads\/2023\/01\/massagem-corporal.png 256w\" sizes=\"(max-width: 150px) 100vw, 150px\" \/>\t\t\t\t\t\t\t\t\t\t\t\t\t\t\t<\/div>\n\t\t\t\t<\/div>\n\t\t\t\t<div class=\"elementor-element elementor-element-f9ca19d elementor-widget elementor-widget-icon-box\" data-id=\"f9ca19d\" data-element_type=\"widget\" data-e-type=\"widget\" data-widget_type=\"icon-box.default\">\n\t\t\t\t<div class=\"elementor-widget-container\">\n\t\t\t\t\t\t\t<div class=\"elementor-icon-box-wrapper\">\n\n\t\t\t\n\t\t\t\t\t\t<div class=\"elementor-icon-box-content\">\n\n\t\t\t\t\t\t\t\t\t<h3 class=\"elementor-icon-box-title\">\n\t\t\t\t\t\t<span  >\n\t\t\t\t\t\t\tMassagem\t\t\t\t\t\t<\/span>\n\t\t\t\t\t<\/h3>\n\t\t\t\t\n\t\t\t\t\t\t\t\t\t<p class=\"elementor-icon-box-description\">\n\t\t\t\t\t\tAp\u00f3s um dia cansativo, a massagem \u00e9 uma excelente op\u00e7\u00e3o para relaxar corpo e mente. Al\u00e9m disso, ela pode ajudar na redu\u00e7\u00e3o de medidas e elimina\u00e7\u00e3o de toxinas. A Sonia Vieira Esteticista desenvolveu t\u00e9cnicas que auxiliam no emagrecimento, incluindo a famosa Drenagem Linf\u00e1tica. Essa t\u00e9cnica elimina l\u00edquidos e diminui medidas do corpo, proporcionando relaxamento, garantindo uma completa sensa\u00e7\u00e3o de bem-estar.\t\t\t\t\t<\/p>\n\t\t\t\t\n\t\t\t<\/div>\n\t\t\t\n\t\t<\/div>\n\t\t\t\t\t\t<\/div>\n\t\t\t\t<\/div>\n\t\t\t\t\t<\/div>\n\t\t<\/div>\n\t\t\t\t<div class=\"elementor-column elementor-col-33 elementor-top-column elementor-element elementor-element-94dde03\" data-id=\"94dde03\" data-element_type=\"column\" data-e-type=\"column\">\n\t\t\t<div class=\"elementor-widget-wrap elementor-element-populated\">\n\t\t\t\t\t\t<div class=\"elementor-element elementor-element-26af3cb elementor-widget elementor-widget-image\" data-id=\"26af3cb\" data-element_type=\"widget\" data-e-type=\"widget\" data-widget_type=\"image.default\">\n\t\t\t\t<div class=\"elementor-widget-container\">\n\t\t\t\t\t\t\t\t\t\t\t\t\t\t\t<img loading=\"lazy\" decoding=\"async\" width=\"150\" height=\"150\" src=\"https:\/\/servicos.franklynpinho.com.br\/sonia\/wp-content\/uploads\/2023\/01\/massagem-150x150.png\" class=\"attachment-thumbnail size-thumbnail wp-image-78\" alt=\"\" srcset=\"https:\/\/servicos.franklynpinho.com.br\/sonia\/wp-content\/uploads\/2023\/01\/massagem-150x150.png 150w, https:\/\/servicos.franklynpinho.com.br\/sonia\/wp-content\/uploads\/2023\/01\/massagem.png 256w\" sizes=\"(max-width: 150px) 100vw, 150px\" \/>\t\t\t\t\t\t\t\t\t\t\t\t\t\t\t<\/div>\n\t\t\t\t<\/div>\n\t\t\t\t<div class=\"elementor-element elementor-element-08f9c66 elementor-widget elementor-widget-icon-box\" data-id=\"08f9c66\" data-element_type=\"widget\" data-e-type=\"widget\" data-widget_type=\"icon-box.default\">\n\t\t\t\t<div class=\"elementor-widget-container\">\n\t\t\t\t\t\t\t<div class=\"elementor-icon-box-wrapper\">\n\n\t\t\t\n\t\t\t\t\t\t<div class=\"elementor-icon-box-content\">\n\n\t\t\t\t\t\t\t\t\t<h3 class=\"elementor-icon-box-title\">\n\t\t\t\t\t\t<span  >\n\t\t\t\t\t\t\tTratamentos Corporais\t\t\t\t\t\t<\/span>\n\t\t\t\t\t<\/h3>\n\t\t\t\t\n\t\t\t\t\t\t\t\t\t<p class=\"elementor-icon-box-description\">\n\t\t\t\t\t\tOferecemos solu\u00e7\u00f5es para diferentes necessidades, desde  p\u00f3s-operat\u00f3rios at\u00e9 massagens relaxantes. Cada tratamento \u00e9 feito com o objetivo de melhorar a apar\u00eancia est\u00e9tica e a sa\u00fade dermatol\u00f3gica. Oferecemos servi\u00e7os especializados para tratar celulite, depila\u00e7\u00e3o, estrias, flacidez, gordura localizada, manchas de pele e p\u00f3s-operat\u00f3rio, aplicando as t\u00e9cnicas mais inovadoras para alcan\u00e7ar os melhores resultados.\t\t\t\t\t<\/p>\n\t\t\t\t\n\t\t\t<\/div>\n\t\t\t\n\t\t<\/div>\n\t\t\t\t\t\t<\/div>\n\t\t\t\t<\/div>\n\t\t\t\t\t<\/div>\n\t\t<\/div>\n\t\t\t\t\t<\/div>\n\t\t<\/section>\n\t\t\t\t<section class=\"elementor-section elementor-top-section elementor-element elementor-element-fe02b6c elementor-section-boxed elementor-section-height-default elementor-section-height-default\" data-id=\"fe02b6c\" data-element_type=\"section\" data-e-type=\"section\">\n\t\t\t\t\t\t<div class=\"elementor-container elementor-column-gap-default\">\n\t\t\t\t\t<div class=\"elementor-column elementor-col-50 elementor-top-column elementor-element elementor-element-bb0d7d8\" data-id=\"bb0d7d8\" data-element_type=\"column\" data-e-type=\"column\" data-settings=\"{&quot;background_background&quot;:&quot;classic&quot;}\">\n\t\t\t<div class=\"elementor-widget-wrap elementor-element-populated\">\n\t\t\t\t\t\t<div class=\"elementor-element elementor-element-2d16262 elementor-widget elementor-widget-image\" data-id=\"2d16262\" data-element_type=\"widget\" data-e-type=\"widget\" data-widget_type=\"image.default\">\n\t\t\t\t<div class=\"elementor-widget-container\">\n\t\t\t\t\t\t\t\t\t\t\t\t\t\t\t<img loading=\"lazy\" decoding=\"async\" width=\"768\" height=\"720\" src=\"https:\/\/servicos.franklynpinho.com.br\/sonia\/wp-content\/uploads\/2023\/01\/bannerMobile-1-768x720.jpg\" class=\"attachment-medium_large size-medium_large wp-image-80\" alt=\"\" srcset=\"https:\/\/servicos.franklynpinho.com.br\/sonia\/wp-content\/uploads\/2023\/01\/bannerMobile-1-768x720.jpg 768w, https:\/\/servicos.franklynpinho.com.br\/sonia\/wp-content\/uploads\/2023\/01\/bannerMobile-1-300x281.jpg 300w, https:\/\/servicos.franklynpinho.com.br\/sonia\/wp-content\/uploads\/2023\/01\/bannerMobile-1-1024x960.jpg 1024w, https:\/\/servicos.franklynpinho.com.br\/sonia\/wp-content\/uploads\/2023\/01\/bannerMobile-1-1536x1440.jpg 1536w, https:\/\/servicos.franklynpinho.com.br\/sonia\/wp-content\/uploads\/2023\/01\/bannerMobile-1.jpg 1920w\" sizes=\"(max-width: 768px) 100vw, 768px\" \/>\t\t\t\t\t\t\t\t\t\t\t\t\t\t\t<\/div>\n\t\t\t\t<\/div>\n\t\t\t\t\t<\/div>\n\t\t<\/div>\n\t\t\t\t<div class=\"elementor-column elementor-col-50 elementor-top-column elementor-element elementor-element-4035f418\" data-id=\"4035f418\" data-element_type=\"column\" data-e-type=\"column\" data-settings=\"{&quot;background_background&quot;:&quot;classic&quot;}\">\n\t\t\t<div class=\"elementor-widget-wrap elementor-element-populated\">\n\t\t\t\t\t\t<div class=\"elementor-element elementor-element-2ebe51f elementor-widget elementor-widget-heading\" data-id=\"2ebe51f\" data-element_type=\"widget\" data-e-type=\"widget\" data-widget_type=\"heading.default\">\n\t\t\t\t<div class=\"elementor-widget-container\">\n\t\t\t\t\t<h2 class=\"elementor-heading-title elementor-size-default\">Contatos<\/h2>\t\t\t\t<\/div>\n\t\t\t\t<\/div>\n\t\t\t\t<div class=\"elementor-element elementor-element-1379f642 elementor-widget elementor-widget-heading\" data-id=\"1379f642\" data-element_type=\"widget\" data-e-type=\"widget\" data-widget_type=\"heading.default\">\n\t\t\t\t<div class=\"elementor-widget-container\">\n\t\t\t\t\t<h2 class=\"elementor-heading-title elementor-size-default\">(21) 96495-4049\n<br>Seg \u00e0 Sex: 08h \u2013 20h<br>\nS\u00e1bado: 08h \u2013 14h<\/h2>\t\t\t\t<\/div>\n\t\t\t\t<\/div>\n\t\t\t\t<div class=\"elementor-element elementor-element-dbd22e1 elementor-button-align-center elementor-widget elementor-widget-form\" data-id=\"dbd22e1\" data-element_type=\"widget\" data-e-type=\"widget\" data-settings=\"{&quot;step_next_label&quot;:&quot;Pr\\u00f3ximo&quot;,&quot;step_previous_label&quot;:&quot;Anterior&quot;,&quot;button_width&quot;:&quot;100&quot;,&quot;step_type&quot;:&quot;number_text&quot;,&quot;step_icon_shape&quot;:&quot;circle&quot;}\" data-widget_type=\"form.default\">\n\t\t\t\t<div class=\"elementor-widget-container\">\n\t\t\t\t\t\t\t<form class=\"elementor-form\" method=\"post\" name=\"Novo formul\u00e1rio\">\n\t\t\t<input type=\"hidden\" name=\"post_id\" value=\"6\"\/>\n\t\t\t<input type=\"hidden\" name=\"form_id\" value=\"dbd22e1\"\/>\n\t\t\t<input type=\"hidden\" name=\"referer_title\" value=\"\" \/>\n\n\t\t\t\t\t\t\t<input type=\"hidden\" name=\"queried_id\" value=\"6\"\/>\n\t\t\t\n\t\t\t<div class=\"elementor-form-fields-wrapper elementor-labels-\">\n\t\t\t\t\t\t\t\t<div class=\"elementor-field-type-text elementor-field-group elementor-column elementor-field-group-name elementor-col-100\">\n\t\t\t\t\t\t\t\t\t\t\t\t<label for=\"form-field-name\" class=\"elementor-field-label elementor-screen-only\">\n\t\t\t\t\t\t\t\tNome\t\t\t\t\t\t\t<\/label>\n\t\t\t\t\t\t\t\t\t\t\t\t\t\t<input size=\"1\" type=\"text\" name=\"form_fields[name]\" id=\"form-field-name\" class=\"elementor-field elementor-size-sm  elementor-field-textual\" placeholder=\"Nome\">\n\t\t\t\t\t\t\t\t\t\t\t<\/div>\n\t\t\t\t\t\t\t\t<div class=\"elementor-field-type-email elementor-field-group elementor-column elementor-field-group-email elementor-col-100 elementor-field-required\">\n\t\t\t\t\t\t\t\t\t\t\t\t<label for=\"form-field-email\" class=\"elementor-field-label elementor-screen-only\">\n\t\t\t\t\t\t\t\tE-mail\t\t\t\t\t\t\t<\/label>\n\t\t\t\t\t\t\t\t\t\t\t\t\t\t<input size=\"1\" type=\"email\" name=\"form_fields[email]\" id=\"form-field-email\" class=\"elementor-field elementor-size-sm  elementor-field-textual\" placeholder=\"E-mail\" required=\"required\" aria-required=\"true\">\n\t\t\t\t\t\t\t\t\t\t\t<\/div>\n\t\t\t\t\t\t\t\t<div class=\"elementor-field-type-tel elementor-field-group elementor-column elementor-field-group-field_a5f9a69 elementor-col-100 elementor-field-required\">\n\t\t\t\t\t\t\t\t\t\t\t\t<label for=\"form-field-field_a5f9a69\" class=\"elementor-field-label elementor-screen-only\">\n\t\t\t\t\t\t\t\t(DDD) + Celular\t\t\t\t\t\t\t<\/label>\n\t\t\t\t\t\t\t\t<input size=\"1\" type=\"tel\" name=\"form_fields[field_a5f9a69]\" id=\"form-field-field_a5f9a69\" class=\"elementor-field elementor-size-sm  elementor-field-textual\" placeholder=\"(DDD) + Celular\" required=\"required\" aria-required=\"true\" pattern=\"[0-9()#&amp;+*-=.]+\" title=\"Only numbers and phone characters (#, -, *, etc) are accepted.\">\n\n\t\t\t\t\t\t<\/div>\n\t\t\t\t\t\t\t\t<div class=\"elementor-field-type-textarea elementor-field-group elementor-column elementor-field-group-message elementor-col-100\">\n\t\t\t\t\t\t\t\t\t\t\t\t<label for=\"form-field-message\" class=\"elementor-field-label elementor-screen-only\">\n\t\t\t\t\t\t\t\tMensagem\t\t\t\t\t\t\t<\/label>\n\t\t\t\t\t\t<textarea class=\"elementor-field-textual elementor-field  elementor-size-sm\" name=\"form_fields[message]\" id=\"form-field-message\" rows=\"4\" placeholder=\"Mensagem\"><\/textarea>\t\t\t\t<\/div>\n\t\t\t\t\t\t\t\t<div class=\"elementor-field-group elementor-column elementor-field-type-submit elementor-col-100 e-form__buttons\">\n\t\t\t\t\t<button class=\"elementor-button elementor-size-sm\" type=\"submit\">\n\t\t\t\t\t\t<span class=\"elementor-button-content-wrapper\">\n\t\t\t\t\t\t\t\t\t\t\t\t\t\t\t\t\t\t\t\t\t\t<span class=\"elementor-button-text\">Enviar<\/span>\n\t\t\t\t\t\t\t\t\t\t\t\t\t<\/span>\n\t\t\t\t\t<\/button>\n\t\t\t\t<\/div>\n\t\t\t<\/div>\n\t\t<\/form>\n\t\t\t\t\t\t<\/div>\n\t\t\t\t<\/div>\n\t\t\t\t\t<\/div>\n\t\t<\/div>\n\t\t\t\t\t<\/div>\n\t\t<\/section>\n\t\t\t\t<\/div>\n\t\t","protected":false},"excerpt":{"rendered":"<p>Qual o seu Objetivo? Conhe\u00e7a nossos tratamentos Tratamentos Faciais A busca por tratamentos faciais tem crescido tanto entre homens quanto mulheres, n\u00e3o apenas pela beleza, mas tamb\u00e9m pela sa\u00fade da pele. Limpeza \u00e9 fundamental, mas fatores como estresse, fumo, sol e altera\u00e7\u00f5es hormonais podem prejudicar a renova\u00e7\u00e3o celular. A Sonia Vieira Esteticista oferece diversos tratamentos [&hellip;]<\/p>\n","protected":false},"author":1,"featured_media":0,"parent":0,"menu_order":0,"comment_status":"closed","ping_status":"closed","template":"","meta":{"footnotes":""},"class_list":["post-6","page","type-page","status-publish","hentry"],"_links":{"self":[{"href":"https:\/\/servicos.franklynpinho.com.br\/sonia\/wp-json\/wp\/v2\/pages\/6","targetHints":{"allow":["GET"]}}],"collection":[{"href":"https:\/\/servicos.franklynpinho.com.br\/sonia\/wp-json\/wp\/v2\/pages"}],"about":[{"href":"https:\/\/servicos.franklynpinho.com.br\/sonia\/wp-json\/wp\/v2\/types\/page"}],"author":[{"embeddable":true,"href":"https:\/\/servicos.franklynpinho.com.br\/sonia\/wp-json\/wp\/v2\/users\/1"}],"replies":[{"embeddable":true,"href":"https:\/\/servicos.franklynpinho.com.br\/sonia\/wp-json\/wp\/v2\/comments?post=6"}],"version-history":[{"count":43,"href":"https:\/\/servicos.franklynpinho.com.br\/sonia\/wp-json\/wp\/v2\/pages\/6\/revisions"}],"predecessor-version":[{"id":119,"href":"https:\/\/servicos.franklynpinho.com.br\/sonia\/wp-json\/wp\/v2\/pages\/6\/revisions\/119"}],"wp:attachment":[{"href":"https:\/\/servicos.franklynpinho.com.br\/sonia\/wp-json\/wp\/v2\/media?parent=6"}],"curies":[{"name":"wp","href":"https:\/\/api.w.org\/{rel}","templated":true}]}}